{"id":453,"date":"2022-03-21T16:56:03","date_gmt":"2022-03-21T15:56:03","guid":{"rendered":"https:\/\/www.lacasabianca.fr\/?page_id=453"},"modified":"2026-03-05T15:51:21","modified_gmt":"2026-03-05T14:51:21","slug":"les-menus","status":"publish","type":"page","link":"https:\/\/www.lacasabianca.fr\/en\/les-menus\/","title":{"rendered":"Special Menus"},"content":{"rendered":"<div class=\"vc_row wpb_row vc_row-fluid bg-image-ps-inherit\"><div class=\"wpb_column vc_column_container vc_col-sm-12\"><div class=\"vc_column-inner\"><div class=\"wpb_wrapper\"><\/div><\/div><\/div><\/div><div class=\"vc_row wpb_row vc_row-fluid bg-image-ps-inherit\"><div class=\"wpb_column vc_column_container vc_col-sm-12\"><div class=\"vc_column-inner\"><div class=\"wpb_wrapper\">\n\t<div class=\"wpb_raw_code wpb_content_element wpb_raw_html\" >\n\t\t<div class=\"wpb_wrapper\">\n\t\t\t<section class=\"menus menus--compact\">\n  <div class=\"menus__wrap\">\n    <div class=\"menus__grid\">\n\n      <!-- MENU EXPRESS -->\n      <article class=\"menu-card\">\n        <header class=\"menu-card__head\">\n          <h3 class=\"menu-card__name\">EXPRESS MENU<\/h3>\n          <div class=\"menu-card__mark\" aria-hidden=\"true\"><\/div>\n          <p class=\"menu-card__subtitle\">23 \u20ac<\/p>\n          <p class=\"menu-card__note\">(lunchtimes only, Monday to Friday, excluding public holidays)<\/p>\n          <p class=\"menu-card__subtitle\">(Starter + Main Course OR Main Course + Dessert)<\/p>\n        <\/header>\n\n        <div class=\"menu-card__body\">\n          <p class=\"menu-card__label\">Choice of starter :<\/p>\n          <p>Plate of fried squid fritters<\/p>\n          <p>Tomato and mozzarella platter<\/p>\n\n          <p class=\"menu-card__label\">Choice of dish :<\/p>\n          <p>Choice of pizza<\/p>\n          <p>Tagliatelle with 2 salmon<\/p>\n          <p>Beef steak with pepper sauce, fresh chips<\/p>\n\n          <p class=\"menu-card__label\">Dessert :<\/p>\n          <p>Homemade chocolate mousse<\/p>\n          <p>Homemade apple tart<\/p>\n          <p>Choice of 2 scoops of ice cream<\/p>\n        <\/div>\n\n        <footer class=\"menu-card__foot\">\n          <div class=\"menu-card__price\">23 \u20ac<\/div>\n        <\/footer>\n      <\/article>\n\n      <!-- MENU LA CASA BIANCA -->\n      <article class=\"menu-card\">\n        <header class=\"menu-card__head\">\n          <h3 class=\"menu-card__name\">MENU LA CASA BIANCA<\/h3>\n          <div class=\"menu-card__mark\" aria-hidden=\"true\"><\/div>\n          <p class=\"menu-card__subtitle\">35 \u20ac<\/p>\n          <p class=\"menu-card__subtitle\">(Starter + Main Course + Dessert)<\/p>\n        <\/header>\n\n        <div class=\"menu-card__body\">\n          <p class=\"menu-card__label\">Choice of starter :<\/p>\n          <p>Plate of fried squid fritters<\/p>\n          <p>Plate of Italian charcuterie and focaccia<\/p>\n          <p>Casserole of snails (6 pc)<\/p>\n          <p>Creamy Burrata<\/p>\n\n          <p class=\"menu-card__label\">Choice of dish :<\/p>\n          <p>Grilled ribeye steak with ma\u00eetre d'h\u00f4tel butter<\/p>\n          <p>Choice of pizza<\/p>\n          <p>Milanese escalope<\/p>\n          <p>Tagliatelle with scallops<\/p>\n\n          <p class=\"menu-card__label\">Choice of dessert :<\/p>\n          <p>Home-made tiramisu<\/p>\n          <p>Homemade chocolate mousse<\/p>\n          <p>Homemade apple tart<\/p>\n          <p>Choice of 2 scoops of ice cream<\/p>\n        <\/div>\n\n        <footer class=\"menu-card__foot\">\n          <div class=\"menu-card__price\">35 \u20ac<\/div>\n        <\/footer>\n      <\/article>\n\n      <!-- MENU ENFANT -->\n      <article class=\"menu-card\">\n        <header class=\"menu-card__head\">\n          <h3 class=\"menu-card__name\">CHILDREN\u2019S MENU<br>(jusque 10 ans)<\/h3>\n          <div class=\"menu-card__mark\" aria-hidden=\"true\"><\/div>\n          <p class=\"menu-card__subtitle\">12 \u20ac<\/p>\n          <p class=\"menu-card__subtitle\">(Main course + Dessert)<\/p>\n        <\/header>\n\n        <div class=\"menu-card__body\">\n          <p class=\"menu-card__label\">Choice of dish :<\/p>\n          <p>Mini pizzas of your choice (except Tartufo and Casa Bianca)<\/p>\n          <p>White ham, fresh chips<\/p>\n          <p>Spaghetti Bolognese or Carbonara<\/p>\n\n          <p class=\"menu-card__label\">Dessert :<\/p>\n          <p>Ice cream, 2 scoops<\/p>\n        <\/div>\n\n        <footer class=\"menu-card__foot\">\n          <div class=\"menu-card__price\">12 \u20ac<\/div>\n        <\/footer>\n      <\/article>\n\n    <\/div>\n  <\/div>\n<\/section>\n\n<style>\n  :root{\n    --text:#141414;\n    --muted:#6f6f6f;\n    --dash:#d7d7d7;\n    --accent:#b88a2d;\n    --bg:#ffffff;\n    --shadow: 0 16px 42px rgba(0,0,0,.06);\n  }\n\n  .menus--compact{\n    background: transparent;\n    padding: 28px 0;\n  }\n  .menus--compact .menus__wrap{\n    max-width: 1180px;\n    margin: 0 auto;\n    padding: 0 18px;\n  }\n\n  .menus--compact .menus__grid{\n    display: grid;\n    grid-template-columns: repeat(3, minmax(0, 1fr));\n    gap: 18px;\n    align-items: start;\n  }\n\n  .menus--compact .menu-card{\n    background: var(--bg);\n    border-radius: 8px;\n    box-shadow: var(--shadow);\n    padding: 16px 16px 14px;\n    position: relative;\n    overflow: hidden;\n  }\n\n  .menus--compact .menu-card::before{\n    content:\"\";\n    position:absolute;\n    inset: 12px;\n    border: 1px dashed var(--dash);\n    border-radius: 6px;\n    pointer-events:none;\n  }\n\n  .menus--compact .menu-card__head{\n    text-align: center;\n    padding: 6px 10px 8px;\n  }\n\n  .menus--compact .menu-card__name{\n    margin: 0;\n    font-size: 15px;\n    font-weight: 800;\n    letter-spacing: .6px;\n    color: var(--text);\n    text-transform: uppercase;\n    line-height: 1.2;\n  }\n\n  .menus--compact .menu-card__mark{\n    width: 34px;\n    height: 10px;\n    margin: 10px auto 8px;\n    background:\n      linear-gradient(var(--accent),var(--accent)) left\/2px 100% no-repeat,\n      linear-gradient(var(--accent),var(--accent)) center\/2px 100% no-repeat,\n      linear-gradient(var(--accent),var(--accent)) right\/2px 100% no-repeat;\n    opacity: .95;\n  }\n\n  .menus--compact .menu-card__subtitle{\n    margin: 0;\n    color: var(--muted);\n    font-size: 12.5px;\n    font-weight: 700;\n  }\n\n  .menus--compact .menu-card__note{\n    margin: 6px 0 0;\n    color: #888;\n    font-size: 12px;\n    line-height: 1.35;\n    font-weight: 600;\n  }\n\n  .menus--compact .menu-card__body{\n    padding: 10px 16px 6px;\n    color: #777;\n    font-size: 12.5px;\n    line-height: 1.45;\n  }\n  .menus--compact .menu-card__body p{\n    margin: 6px 0;\n  }\n\n  .menus--compact .menu-card__label{\n    margin-top: 12px !important;\n    color: #7c7c7c;\n    font-style: italic;\n    font-weight: 800;\n  }\n\n  .menus--compact .menu-card__foot{\n    padding: 8px 16px 4px;\n    text-align: center;\n  }\n  .menus--compact .menu-card__price{\n    color: var(--accent);\n    font-weight: 900;\n    font-size: 15px;\n    letter-spacing: .2px;\n  }\n\n  @media (max-width: 1024px){\n    .menus--compact .menus__grid{\n      grid-template-columns: repeat(2, minmax(0, 1fr));\n      gap: 14px;\n    }\n    .menus--compact{ padding: 22px 0; }\n  }\n\n  @media (max-width: 640px){\n    .menus--compact .menus__wrap{ padding: 0 14px; }\n    .menus--compact .menus__grid{\n      grid-template-columns: 1fr;\n      gap: 12px;\n    }\n    .menus--compact .menu-card{ padding: 14px 14px 12px; }\n    .menus--compact .menu-card__body{ padding: 10px 14px 6px; }\n  }\n<\/style>\n\t\t<\/div>\n\t<\/div>\n<\/div><\/div><\/div><\/div>","protected":false},"excerpt":{"rendered":"MENU EXPRESS 23 \u20ac (uniquement le midi, du lundi au vendredi et hors jours f\u00e9ri\u00e9s) (Entr\u00e9e + Plat OU Plat + Dessert) Entr\u00e9e au choix : Assiette de calamars frits en beignets Assiette de tomates mozzarella Plat au choix : Pizza au choix Tagliatelles aux 2 saumons Pav\u00e9 de b\u0153uf sauce au poivre, frites fra\u00eeches [...]","protected":false},"author":1,"featured_media":0,"parent":0,"menu_order":0,"comment_status":"closed","ping_status":"closed","template":"","meta":{"inline_featured_image":false,"footnotes":""},"class_list":["post-453","page","type-page","status-publish","hentry"],"yoast_head":"<!-- This site is optimized with the Yoast SEO plugin v21.0 - https:\/\/yoast.com\/wordpress\/plugins\/seo\/ -->\n<title>Les menus - La Casa Bianca<\/title>\n<meta name=\"description\" content=\"D\u00e9couvrez nos 3 menus : Enfant, Casa Bianca et Express\" \/>\n<meta name=\"robots\" content=\"index, follow, max-snippet:-1, max-image-preview:large, max-video-preview:-1\" \/>\n<link rel=\"canonical\" href=\"https:\/\/www.lacasabianca.fr\/en\/les-menus\/\" \/>\n<meta property=\"og:locale\" content=\"en_GB\" \/>\n<meta property=\"og:type\" content=\"article\" \/>\n<meta property=\"og:title\" content=\"Les menus - La Casa Bianca\" \/>\n<meta property=\"og:description\" content=\"D\u00e9couvrez nos 3 menus : Enfant, Casa Bianca et Express\" \/>\n<meta property=\"og:url\" content=\"https:\/\/www.lacasabianca.fr\/en\/les-menus\/\" \/>\n<meta property=\"og:site_name\" content=\"La Casa Bianca\" \/>\n<meta property=\"article:modified_time\" content=\"2026-03-05T14:51:21+00:00\" \/>\n<meta name=\"twitter:card\" content=\"summary_large_image\" \/>\n<meta name=\"twitter:label1\" content=\"Estimated reading time\" \/>\n\t<meta name=\"twitter:data1\" content=\"1 minute\" \/>\n<script type=\"application\/ld+json\" class=\"yoast-schema-graph\">{\"@context\":\"https:\/\/schema.org\",\"@graph\":[{\"@type\":\"WebPage\",\"@id\":\"https:\/\/www.lacasabianca.fr\/les-menus\/\",\"url\":\"https:\/\/www.lacasabianca.fr\/les-menus\/\",\"name\":\"Les menus - La Casa Bianca\",\"isPartOf\":{\"@id\":\"https:\/\/www.lacasabianca.fr\/#website\"},\"datePublished\":\"2022-03-21T15:56:03+00:00\",\"dateModified\":\"2026-03-05T14:51:21+00:00\",\"description\":\"D\u00e9couvrez nos 3 menus : Enfant, Casa Bianca et Express\",\"breadcrumb\":{\"@id\":\"https:\/\/www.lacasabianca.fr\/les-menus\/#breadcrumb\"},\"inLanguage\":\"en-GB\",\"potentialAction\":[{\"@type\":\"ReadAction\",\"target\":[\"https:\/\/www.lacasabianca.fr\/les-menus\/\"]}]},{\"@type\":\"BreadcrumbList\",\"@id\":\"https:\/\/www.lacasabianca.fr\/les-menus\/#breadcrumb\",\"itemListElement\":[{\"@type\":\"ListItem\",\"position\":1,\"name\":\"Accueil\",\"item\":\"https:\/\/www.lacasabianca.fr\/\"},{\"@type\":\"ListItem\",\"position\":2,\"name\":\"Les menus\"}]},{\"@type\":\"WebSite\",\"@id\":\"https:\/\/www.lacasabianca.fr\/#website\",\"url\":\"https:\/\/www.lacasabianca.fr\/\",\"name\":\"La Casa Bianca\",\"description\":\"\",\"publisher\":{\"@id\":\"https:\/\/www.lacasabianca.fr\/#organization\"},\"potentialAction\":[{\"@type\":\"SearchAction\",\"target\":{\"@type\":\"EntryPoint\",\"urlTemplate\":\"https:\/\/www.lacasabianca.fr\/?s={search_term_string}\"},\"query-input\":\"required name=search_term_string\"}],\"inLanguage\":\"en-GB\"},{\"@type\":\"Organization\",\"@id\":\"https:\/\/www.lacasabianca.fr\/#organization\",\"name\":\"La Casa Bianca\",\"url\":\"https:\/\/www.lacasabianca.fr\/\",\"logo\":{\"@type\":\"ImageObject\",\"inLanguage\":\"en-GB\",\"@id\":\"https:\/\/www.lacasabianca.fr\/#\/schema\/logo\/image\/\",\"url\":\"https:\/\/www.lacasabianca.fr\/wp-content\/uploads\/2022\/03\/LaCasaBianca-square-white.svg\",\"contentUrl\":\"https:\/\/www.lacasabianca.fr\/wp-content\/uploads\/2022\/03\/LaCasaBianca-square-white.svg\",\"width\":100,\"height\":100,\"caption\":\"La Casa Bianca\"},\"image\":{\"@id\":\"https:\/\/www.lacasabianca.fr\/#\/schema\/logo\/image\/\"}}]}<\/script>\n<!-- \/ Yoast SEO plugin. -->","yoast_head_json":{"title":"Les menus - La Casa Bianca","description":"D\u00e9couvrez nos 3 menus : Enfant, Casa Bianca et Express","robots":{"index":"index","follow":"follow","max-snippet":"max-snippet:-1","max-image-preview":"max-image-preview:large","max-video-preview":"max-video-preview:-1"},"canonical":"https:\/\/www.lacasabianca.fr\/en\/les-menus\/","og_locale":"en_GB","og_type":"article","og_title":"Les menus - La Casa Bianca","og_description":"D\u00e9couvrez nos 3 menus : Enfant, Casa Bianca et Express","og_url":"https:\/\/www.lacasabianca.fr\/en\/les-menus\/","og_site_name":"La Casa Bianca","article_modified_time":"2026-03-05T14:51:21+00:00","twitter_card":"summary_large_image","twitter_misc":{"Estimated reading time":"1 minute"},"schema":{"@context":"https:\/\/schema.org","@graph":[{"@type":"WebPage","@id":"https:\/\/www.lacasabianca.fr\/les-menus\/","url":"https:\/\/www.lacasabianca.fr\/les-menus\/","name":"Les menus - La Casa Bianca","isPartOf":{"@id":"https:\/\/www.lacasabianca.fr\/#website"},"datePublished":"2022-03-21T15:56:03+00:00","dateModified":"2026-03-05T14:51:21+00:00","description":"D\u00e9couvrez nos 3 menus : Enfant, Casa Bianca et Express","breadcrumb":{"@id":"https:\/\/www.lacasabianca.fr\/les-menus\/#breadcrumb"},"inLanguage":"en-GB","potentialAction":[{"@type":"ReadAction","target":["https:\/\/www.lacasabianca.fr\/les-menus\/"]}]},{"@type":"BreadcrumbList","@id":"https:\/\/www.lacasabianca.fr\/les-menus\/#breadcrumb","itemListElement":[{"@type":"ListItem","position":1,"name":"Accueil","item":"https:\/\/www.lacasabianca.fr\/"},{"@type":"ListItem","position":2,"name":"Les menus"}]},{"@type":"WebSite","@id":"https:\/\/www.lacasabianca.fr\/#website","url":"https:\/\/www.lacasabianca.fr\/","name":"La Casa Bianca","description":"","publisher":{"@id":"https:\/\/www.lacasabianca.fr\/#organization"},"potentialAction":[{"@type":"SearchAction","target":{"@type":"EntryPoint","urlTemplate":"https:\/\/www.lacasabianca.fr\/?s={search_term_string}"},"query-input":"required name=search_term_string"}],"inLanguage":"en-GB"},{"@type":"Organization","@id":"https:\/\/www.lacasabianca.fr\/#organization","name":"La Casa Bianca","url":"https:\/\/www.lacasabianca.fr\/","logo":{"@type":"ImageObject","inLanguage":"en-GB","@id":"https:\/\/www.lacasabianca.fr\/#\/schema\/logo\/image\/","url":"https:\/\/www.lacasabianca.fr\/wp-content\/uploads\/2022\/03\/LaCasaBianca-square-white.svg","contentUrl":"https:\/\/www.lacasabianca.fr\/wp-content\/uploads\/2022\/03\/LaCasaBianca-square-white.svg","width":100,"height":100,"caption":"La Casa Bianca"},"image":{"@id":"https:\/\/www.lacasabianca.fr\/#\/schema\/logo\/image\/"}}]}},"_links":{"self":[{"href":"https:\/\/www.lacasabianca.fr\/en\/wp-json\/wp\/v2\/pages\/453","targetHints":{"allow":["GET"]}}],"collection":[{"href":"https:\/\/www.lacasabianca.fr\/en\/wp-json\/wp\/v2\/pages"}],"about":[{"href":"https:\/\/www.lacasabianca.fr\/en\/wp-json\/wp\/v2\/types\/page"}],"author":[{"embeddable":true,"href":"https:\/\/www.lacasabianca.fr\/en\/wp-json\/wp\/v2\/users\/1"}],"replies":[{"embeddable":true,"href":"https:\/\/www.lacasabianca.fr\/en\/wp-json\/wp\/v2\/comments?post=453"}],"version-history":[{"count":14,"href":"https:\/\/www.lacasabianca.fr\/en\/wp-json\/wp\/v2\/pages\/453\/revisions"}],"predecessor-version":[{"id":1070,"href":"https:\/\/www.lacasabianca.fr\/en\/wp-json\/wp\/v2\/pages\/453\/revisions\/1070"}],"wp:attachment":[{"href":"https:\/\/www.lacasabianca.fr\/en\/wp-json\/wp\/v2\/media?parent=453"}],"curies":[{"name":"wp","href":"https:\/\/api.w.org\/{rel}","templated":true}]}}