{"id":969,"date":"2026-02-18T08:19:00","date_gmt":"2026-02-18T07:19:00","guid":{"rendered":"https:\/\/www.lacasabianca.fr\/?page_id=969"},"modified":"2026-02-21T18:21:52","modified_gmt":"2026-02-21T17:21:52","slug":"privatisation","status":"publish","type":"page","link":"https:\/\/www.lacasabianca.fr\/en\/privatisation\/","title":{"rendered":"Privatisation"},"content":{"rendered":"<div class=\"vc_row wpb_row vc_row-fluid bg-image-ps-inherit\"><div class=\"wpb_column vc_column_container vc_col-sm-12\"><div class=\"vc_column-inner\"><div class=\"wpb_wrapper\">\n\t<div class=\"wpb_text_column wpb_content_element\" >\n\t\t<div class=\"wpb_wrapper\">\n\t\t\t<blockquote>\n<div>\n<div dir=\"ltr\">\n<div dir=\"ltr\">\n<div dir=\"ltr\">\n<div style=\"text-align: center;\">A birthday, a christening, a retirement party, an evening out with friends or family, a company meal...?<\/div>\n<div style=\"text-align: center;\">You can privatise an area of the restaurant (min. 25 people) or the entire restaurant (min. 50 people).<\/div>\n<div style=\"text-align: center;\">We'll tailor your meal to suit your wishes and your budget.<\/div>\n<div style=\"text-align: center;\">Tell us about your wishes using the form below.<\/div>\n<\/div>\n<\/div>\n<\/div>\n<\/div>\n<\/blockquote>\n\n\t\t<\/div>\n\t<\/div>\n\n\t<div class=\"wpb_raw_code wpb_content_element wpb_raw_html\" >\n\t\t<div class=\"wpb_wrapper\">\n\t\t\t<div class=\"forminator-ui forminator-custom-form forminator-custom-form-920 forminator-design--default  forminator_ajax\" data-forminator-render=\"0\" data-form=\"forminator-module-920\" data-uid=\"69e23da5296b1\"><br\/><\/div><form\n\t\t\t\tid=\"forminator-module-920\"\n\t\t\t\tclass=\"forminator-ui forminator-custom-form forminator-custom-form-920 forminator-design--default  forminator_ajax\"\n\t\t\t\tmethod=\"post\"\n\t\t\t\tdata-forminator-render=\"0\"\n\t\t\t\tdata-form-id=\"920\"\n\t\t\t\t data-color-option=\"theme\" data-design=\"default\" data-grid=\"open\" style=\"display: none;\"\n\t\t\t\tdata-uid=\"69e23da5296b1\" action=\"\"\n\t\t\t><div role=\"alert\" aria-live=\"polite\" class=\"forminator-response-message forminator-error\" aria-hidden=\"true\"><\/div><div class=\"forminator-row\"><div id=\"name-1\" class=\"forminator-field-name forminator-col forminator-col-6\"><div class=\"forminator-field\"><label for=\"forminator-field-name-1_69e23da5296b1\" id=\"forminator-field-name-1_69e23da5296b1-label\" class=\"forminator-label\">Name <span class=\"forminator-required\">*<\/span><\/label><input type=\"text\" name=\"name-1\" value=\"\" placeholder=\"\" id=\"forminator-field-name-1_69e23da5296b1\" class=\"forminator-input forminator-name--field\" aria-required=\"true\" autocomplete=\"name\" \/><\/div><\/div><div id=\"name-2\" class=\"forminator-field-name forminator-col forminator-col-6\"><div class=\"forminator-field\"><label for=\"forminator-field-name-2_69e23da5296b1\" id=\"forminator-field-name-2_69e23da5296b1-label\" class=\"forminator-label\">First name <span class=\"forminator-required\">*<\/span><\/label><input type=\"text\" name=\"name-2\" value=\"\" placeholder=\"\" id=\"forminator-field-name-2_69e23da5296b1\" class=\"forminator-input forminator-name--field\" aria-required=\"true\" autocomplete=\"name\" \/><\/div><\/div><\/div><div class=\"forminator-row\"><div id=\"textarea-1\" class=\"forminator-field-textarea forminator-col forminator-col-6\"><div class=\"forminator-field\"><label for=\"forminator-field-textarea-1_69e23da5296b1\" id=\"forminator-field-textarea-1_69e23da5296b1-label\" class=\"forminator-label\">What event would you like to celebrate? <span class=\"forminator-required\">*<\/span><\/label><textarea name=\"textarea-1\" placeholder=\"\" id=\"forminator-field-textarea-1_69e23da5296b1\" class=\"forminator-textarea\" rows=\"6\" style=\"min-height:140px;\" ><\/textarea><\/div><\/div><div id=\"date-1\" class=\"forminator-field-date forminator-col forminator-col-6\"><label for=\"forminator-field-date-1\" id=\"forminator-field-date-1-label\" class=\"forminator-label\">Date <span class=\"forminator-required\">*<\/span><\/label><div class=\"forminator-date-select\"><div class=\"forminator-row\" data-multiple=\"true\"><div id=\"date-1-month\" class=\"forminator-col\"><div class=\"forminator-field\"><label for=\"forminator-field-920__field--date-1-month_69e23da5296b1\" id=\"forminator-field-920__field--date-1-month_69e23da5296b1-label\" class=\"forminator-label\">Month<\/label><select name=\"date-1-month\" id=\"forminator-field-920__field--date-1-month_69e23da5296b1\" class=\"forminator-select2\" data-format=\"mm\/dd\/yy\" data-parent=\"date-1\" aria-labelledby=\"forminator-field-920__field--date-1-month_69e23da5296b1-label\" data-default-value=\"\"><option value=\"\" selected=\"selected\">Select month<\/option><option value=\"1\" >1<\/option><option value=\"2\" >2<\/option><option value=\"3\" >3<\/option><option value=\"4\" >4<\/option><option value=\"5\" >5<\/option><option value=\"6\" >6<\/option><option value=\"7\" >7<\/option><option value=\"8\" >8<\/option><option value=\"9\" >9<\/option><option value=\"10\" >10<\/option><option value=\"11\" >11<\/option><option value=\"12\" >12<\/option><\/select><\/div><\/div><div id=\"date-1-day\" class=\"forminator-col\"><div class=\"forminator-field\"><label for=\"forminator-field-920__field--date-1-day_69e23da5296b1\" id=\"forminator-field-920__field--date-1-day_69e23da5296b1-label\" class=\"forminator-label\">Day<\/label><select name=\"date-1-day\" id=\"forminator-field-920__field--date-1-day_69e23da5296b1\" class=\"forminator-select2\" data-format=\"mm\/dd\/yy\" data-parent=\"date-1\" aria-labelledby=\"forminator-field-920__field--date-1-day_69e23da5296b1-label\" data-default-value=\"\"><option value=\"\" selected=\"selected\">Select day<\/option><option value=\"1\" >1<\/option><option value=\"2\" >2<\/option><option value=\"3\" >3<\/option><option value=\"4\" >4<\/option><option value=\"5\" >5<\/option><option value=\"6\" >6<\/option><option value=\"7\" >7<\/option><option value=\"8\" >8<\/option><option value=\"9\" >9<\/option><option value=\"10\" >10<\/option><option value=\"11\" >11<\/option><option value=\"12\" >12<\/option><option value=\"13\" >13<\/option><option value=\"14\" >14<\/option><option value=\"15\" >15<\/option><option value=\"16\" >16<\/option><option value=\"17\" >17<\/option><option value=\"18\" >18<\/option><option value=\"19\" >19<\/option><option value=\"20\" >20<\/option><option value=\"21\" >21<\/option><option value=\"22\" >22<\/option><option value=\"23\" >23<\/option><option value=\"24\" >24<\/option><option value=\"25\" >25<\/option><option value=\"26\" >26<\/option><option value=\"27\" >27<\/option><option value=\"28\" >28<\/option><option value=\"29\" >29<\/option><option value=\"30\" >30<\/option><option value=\"31\" >31<\/option><\/select><\/div><\/div><div id=\"date-1-year\" class=\"forminator-col\"><div class=\"forminator-field\"><label for=\"forminator-field-920__field--date-1-year_69e23da5296b1\" id=\"forminator-field-920__field--date-1-year_69e23da5296b1-label\" class=\"forminator-label\">Year<\/label><select name=\"date-1-year\" id=\"forminator-field-920__field--date-1-year_69e23da5296b1\" class=\"forminator-select2\" data-format=\"mm\/dd\/yy\" data-parent=\"date-1\" aria-labelledby=\"forminator-field-920__field--date-1-year_69e23da5296b1-label\" data-default-value=\"2026\"><option value=\"\" >Select Year<\/option><option value=\"2126\" >2126<\/option><option value=\"2125\" >2125<\/option><option value=\"2124\" >2124<\/option><option value=\"2123\" >2123<\/option><option value=\"2122\" >2122<\/option><option value=\"2121\" >2121<\/option><option value=\"2120\" >2120<\/option><option value=\"2119\" >2119<\/option><option value=\"2118\" >2118<\/option><option value=\"2117\" >2117<\/option><option value=\"2116\" >2116<\/option><option value=\"2115\" >2115<\/option><option value=\"2114\" >2114<\/option><option value=\"2113\" >2113<\/option><option value=\"2112\" >2112<\/option><option value=\"2111\" >2111<\/option><option value=\"2110\" >2110<\/option><option value=\"2109\" >2109<\/option><option value=\"2108\" >2108<\/option><option value=\"2107\" >2107<\/option><option value=\"2106\" >2106<\/option><option value=\"2105\" >2105<\/option><option value=\"2104\" >2104<\/option><option value=\"2103\" >2103<\/option><option value=\"2102\" >2102<\/option><option value=\"2101\" >2101<\/option><option value=\"2100\" >2100<\/option><option value=\"2099\" >2099<\/option><option value=\"2098\" >2098<\/option><option value=\"2097\" >2097<\/option><option value=\"2096\" >2096<\/option><option value=\"2095\" >2095<\/option><option value=\"2094\" >2094<\/option><option value=\"2093\" >2093<\/option><option value=\"2092\" >2092<\/option><option value=\"2091\" >2091<\/option><option value=\"2090\" >2090<\/option><option value=\"2089\" >2089<\/option><option value=\"2088\" >2088<\/option><option value=\"2087\" >2087<\/option><option value=\"2086\" >2086<\/option><option value=\"2085\" >2085<\/option><option value=\"2084\" >2084<\/option><option value=\"2083\" >2083<\/option><option value=\"2082\" >2082<\/option><option value=\"2081\" >2081<\/option><option value=\"2080\" >2080<\/option><option value=\"2079\" >2079<\/option><option value=\"2078\" >2078<\/option><option value=\"2077\" >2077<\/option><option value=\"2076\" >2076<\/option><option value=\"2075\" >2075<\/option><option value=\"2074\" >2074<\/option><option value=\"2073\" >2073<\/option><option value=\"2072\" >2072<\/option><option value=\"2071\" >2071<\/option><option value=\"2070\" >2070<\/option><option value=\"2069\" >2069<\/option><option value=\"2068\" >2068<\/option><option value=\"2067\" >2067<\/option><option value=\"2066\" >2066<\/option><option value=\"2065\" >2065<\/option><option value=\"2064\" >2064<\/option><option value=\"2063\" >2063<\/option><option value=\"2062\" >2062<\/option><option value=\"2061\" >2061<\/option><option value=\"2060\" >2060<\/option><option value=\"2059\" >2059<\/option><option value=\"2058\" >2058<\/option><option value=\"2057\" >2057<\/option><option value=\"2056\" >2056<\/option><option value=\"2055\" >2055<\/option><option value=\"2054\" >2054<\/option><option value=\"2053\" >2053<\/option><option value=\"2052\" >2052<\/option><option value=\"2051\" >2051<\/option><option value=\"2050\" >2050<\/option><option value=\"2049\" >2049<\/option><option value=\"2048\" >2048<\/option><option value=\"2047\" >2047<\/option><option value=\"2046\" >2046<\/option><option value=\"2045\" >2045<\/option><option value=\"2044\" >2044<\/option><option value=\"2043\" >2043<\/option><option value=\"2042\" >2042<\/option><option value=\"2041\" >2041<\/option><option value=\"2040\" >2040<\/option><option value=\"2039\" >2039<\/option><option value=\"2038\" >2038<\/option><option value=\"2037\" >2037<\/option><option value=\"2036\" >2036<\/option><option value=\"2035\" >2035<\/option><option value=\"2034\" >2034<\/option><option value=\"2033\" >2033<\/option><option value=\"2032\" >2032<\/option><option value=\"2031\" >2031<\/option><option value=\"2030\" >2030<\/option><option value=\"2029\" >2029<\/option><option value=\"2028\" >2028<\/option><option value=\"2027\" >2027<\/option><option value=\"2026\" selected=\"selected\">2026<\/option><option value=\"2025\" >2025<\/option><option value=\"2024\" >2024<\/option><option value=\"2023\" >2023<\/option><option value=\"2022\" >2022<\/option><option value=\"2021\" >2021<\/option><option value=\"2020\" >2020<\/option><option value=\"2019\" >2019<\/option><option value=\"2018\" >2018<\/option><option value=\"2017\" >2017<\/option><option value=\"2016\" >2016<\/option><option value=\"2015\" >2015<\/option><option value=\"2014\" >2014<\/option><option value=\"2013\" >2013<\/option><option value=\"2012\" >2012<\/option><option value=\"2011\" >2011<\/option><option value=\"2010\" >2010<\/option><option value=\"2009\" >2009<\/option><option value=\"2008\" >2008<\/option><option value=\"2007\" >2007<\/option><option value=\"2006\" >2006<\/option><option value=\"2005\" >2005<\/option><option value=\"2004\" >2004<\/option><option value=\"2003\" >2003<\/option><option value=\"2002\" >2002<\/option><option value=\"2001\" >2001<\/option><option value=\"2000\" >2000<\/option><option value=\"1999\" >1999<\/option><option value=\"1998\" >1998<\/option><option value=\"1997\" >1997<\/option><option value=\"1996\" >1996<\/option><option value=\"1995\" >1995<\/option><option value=\"1994\" >1994<\/option><option value=\"1993\" >1993<\/option><option value=\"1992\" >1992<\/option><option value=\"1991\" >1991<\/option><option value=\"1990\" >1990<\/option><option value=\"1989\" >1989<\/option><option value=\"1988\" >1988<\/option><option value=\"1987\" >1987<\/option><option value=\"1986\" >1986<\/option><option value=\"1985\" >1985<\/option><option value=\"1984\" >1984<\/option><option value=\"1983\" >1983<\/option><option value=\"1982\" >1982<\/option><option value=\"1981\" >1981<\/option><option value=\"1980\" >1980<\/option><option value=\"1979\" >1979<\/option><option value=\"1978\" >1978<\/option><option value=\"1977\" >1977<\/option><option value=\"1976\" >1976<\/option><option value=\"1975\" >1975<\/option><option value=\"1974\" >1974<\/option><option value=\"1973\" >1973<\/option><option value=\"1972\" >1972<\/option><option value=\"1971\" >1971<\/option><option value=\"1970\" >1970<\/option><option value=\"1969\" >1969<\/option><option value=\"1968\" >1968<\/option><option value=\"1967\" >1967<\/option><option value=\"1966\" >1966<\/option><option value=\"1965\" >1965<\/option><option value=\"1964\" >1964<\/option><option value=\"1963\" >1963<\/option><option value=\"1962\" >1962<\/option><option value=\"1961\" >1961<\/option><option value=\"1960\" >1960<\/option><option value=\"1959\" >1959<\/option><option value=\"1958\" >1958<\/option><option value=\"1957\" >1957<\/option><option value=\"1956\" >1956<\/option><option value=\"1955\" >1955<\/option><option value=\"1954\" >1954<\/option><option value=\"1953\" >1953<\/option><option value=\"1952\" >1952<\/option><option value=\"1951\" >1951<\/option><option value=\"1950\" >1950<\/option><option value=\"1949\" >1949<\/option><option value=\"1948\" >1948<\/option><option value=\"1947\" >1947<\/option><option value=\"1946\" >1946<\/option><option value=\"1945\" >1945<\/option><option value=\"1944\" >1944<\/option><option value=\"1943\" >1943<\/option><option value=\"1942\" >1942<\/option><option value=\"1941\" >1941<\/option><option value=\"1940\" >1940<\/option><option value=\"1939\" >1939<\/option><option value=\"1938\" >1938<\/option><option value=\"1937\" >1937<\/option><option value=\"1936\" >1936<\/option><option value=\"1935\" >1935<\/option><option value=\"1934\" >1934<\/option><option value=\"1933\" >1933<\/option><option value=\"1932\" >1932<\/option><option value=\"1931\" >1931<\/option><option value=\"1930\" >1930<\/option><option value=\"1929\" >1929<\/option><option value=\"1928\" >1928<\/option><option value=\"1927\" >1927<\/option><option value=\"1926\" >1926<\/option><\/select><\/div><\/div><\/div><\/div><\/div><\/div><div class=\"forminator-row\"><div id=\"email-1\" class=\"forminator-field-email forminator-col forminator-col-6\"><div class=\"forminator-field\"><label for=\"forminator-field-email-1_69e23da5296b1\" id=\"forminator-field-email-1_69e23da5296b1-label\" class=\"forminator-label\">E-mail address <span class=\"forminator-required\">*<\/span><\/label><input type=\"email\" name=\"email-1\" value=\"\" placeholder=\"\" id=\"forminator-field-email-1_69e23da5296b1\" class=\"forminator-input forminator-email--field\" data-required=\"1\" aria-required=\"true\" autocomplete=\"email\" \/><\/div><\/div><div id=\"phone-1\" class=\"forminator-field-phone forminator-col forminator-col-6\"><div class=\"forminator-field\"><label for=\"forminator-field-phone-1_69e23da5296b1\" id=\"forminator-field-phone-1_69e23da5296b1-label\" class=\"forminator-label\">Telephone <span class=\"forminator-required\">*<\/span><\/label><input type=\"text\" name=\"phone-1\" value=\"\" placeholder=\"\" id=\"forminator-field-phone-1_69e23da5296b1\" class=\"forminator-input forminator-field--phone\" data-required=\"1\" aria-required=\"true\" autocomplete=\"off\" \/><\/div><\/div><\/div><div class=\"forminator-row\"><div id=\"number-1\" class=\"forminator-field-number forminator-col forminator-col-6\"><div class=\"forminator-field\"><label for=\"forminator-field-number-1_69e23da5296b1\" id=\"forminator-field-number-1_69e23da5296b1-label\" class=\"forminator-label\">Number of participants <span class=\"forminator-required\">*<\/span><\/label><input name=\"number-1\" value=\"\" placeholder=\"\" id=\"forminator-field-number-1_69e23da5296b1\" class=\"forminator-input forminator-number--field\" inputmode=\"decimal\" data-required=\"1\" data-decimals=\"0\" aria-required=\"true\" data-inputmask=\"&#039;groupSeparator&#039;: &#039;&#039;, &#039;radixPoint&#039;: &#039;&#039;, &#039;digits&#039;: &#039;0&#039;\" data-hidden-behavior=\"zero\" type=\"number\" step=\"any\" min=\"1\" max=\"150\" \/><\/div><\/div><div id=\"textarea-3\" class=\"forminator-field-textarea forminator-col forminator-col-6\"><div class=\"forminator-field\"><label for=\"forminator-field-textarea-3_69e23da5296b1\" id=\"forminator-field-textarea-3_69e23da5296b1-label\" class=\"forminator-label\">What is your budget (Approximate)<\/label><textarea name=\"textarea-3\" placeholder=\"\" id=\"forminator-field-textarea-3_69e23da5296b1\" class=\"forminator-textarea\" rows=\"6\" style=\"min-height:140px;\" ><\/textarea><\/div><\/div><\/div><div class=\"forminator-row\"><div id=\"textarea-2\" class=\"forminator-field-textarea forminator-col forminator-col-12\"><div class=\"forminator-field\"><label for=\"forminator-field-textarea-2_69e23da5296b1\" id=\"forminator-field-textarea-2_69e23da5296b1-label\" class=\"forminator-label\">Describe your event <span class=\"forminator-required\">*<\/span><\/label><textarea name=\"textarea-2\" placeholder=\"\" id=\"forminator-field-textarea-2_69e23da5296b1\" class=\"forminator-textarea\" rows=\"6\" style=\"min-height:140px;\" ><\/textarea><\/div><\/div><\/div><input type=\"hidden\" name=\"referer_url\" value=\"\" \/><div class=\"forminator-row forminator-row-last\"><div class=\"forminator-col\"><div class=\"forminator-field\"><button class=\"forminator-button forminator-button-submit\">Send<\/button><\/div><\/div><\/div><input type=\"hidden\" id=\"forminator_nonce\" name=\"forminator_nonce\" value=\"d2eabf33e9\" \/><input type=\"hidden\" name=\"_wp_http_referer\" value=\"\/en\/wp-json\/wp\/v2\/pages\/969\" \/><input type=\"hidden\" name=\"form_id\" value=\"920\"><input type=\"hidden\" name=\"page_id\" value=\"969\"><input type=\"hidden\" name=\"form_type\" value=\"default\"><input type=\"hidden\" name=\"current_url\" value=\"https:\/\/www.lacasabianca.fr\/en\/privatisation\/\"><input type=\"hidden\" name=\"render_id\" value=\"0\"><input type=\"hidden\" name=\"action\" value=\"forminator_submit_form_custom-forms\"><input type=\"hidden\" name=\"trp-form-language\" value=\"en\"\/><\/form>\n\t\t<\/div>\n\t<\/div>\n<\/div><\/div><\/div><\/div><div class=\"vc_row wpb_row vc_row-fluid bg-image-ps-inherit\"><div class=\"wpb_column vc_column_container vc_col-sm-12\"><div class=\"vc_column-inner\"><div class=\"wpb_wrapper\"><\/div><\/div><\/div><\/div>","protected":false},"excerpt":{"rendered":"Un anniversaire, un bapt\u00eame, un d\u00e9part en retraite, une soir\u00e9e entre amis ou en famille, un repas d'entreprise, ... ? Vous pouvez privatiser un espace du restaurant (min. 25 personnes) ou l'ensemble du restaurant (min. 50 personnes). Nous vous proposerons un repas sur mesure en fonction de vos souhaits et de votre budget. Parlez-nous de [...]","protected":false},"author":1,"featured_media":937,"parent":0,"menu_order":0,"comment_status":"closed","ping_status":"closed","template":"","meta":{"inline_featured_image":false,"footnotes":""},"class_list":["post-969","page","type-page","status-publish","has-post-thumbnail","hentry"],"yoast_head":"<!-- This site is optimized with the Yoast SEO plugin v21.0 - https:\/\/yoast.com\/wordpress\/plugins\/seo\/ -->\n<title>Privatisation - La Casa Bianca<\/title>\n<meta name=\"robots\" content=\"index, follow, max-snippet:-1, max-image-preview:large, max-video-preview:-1\" \/>\n<link rel=\"canonical\" href=\"https:\/\/www.lacasabianca.fr\/en\/privatisation\/\" \/>\n<meta property=\"og:locale\" content=\"en_GB\" \/>\n<meta property=\"og:type\" content=\"article\" \/>\n<meta property=\"og:title\" content=\"Privatisation - La Casa Bianca\" \/>\n<meta property=\"og:url\" content=\"https:\/\/www.lacasabianca.fr\/en\/privatisation\/\" \/>\n<meta property=\"og:site_name\" content=\"La Casa Bianca\" \/>\n<meta property=\"article:modified_time\" content=\"2026-02-21T17:21:52+00:00\" \/>\n<meta property=\"og:image\" content=\"https:\/\/www.lacasabianca.fr\/wp-content\/uploads\/2026\/02\/IMG_5579-scaled.jpg\" \/>\n\t<meta property=\"og:image:width\" content=\"2560\" \/>\n\t<meta property=\"og:image:height\" content=\"1920\" \/>\n\t<meta property=\"og:image:type\" content=\"image\/jpeg\" \/>\n<meta name=\"twitter:card\" content=\"summary_large_image\" \/>\n<meta name=\"twitter:label1\" content=\"Estimated reading time\" \/>\n\t<meta name=\"twitter:data1\" content=\"1 minute\" \/>\n<script type=\"application\/ld+json\" class=\"yoast-schema-graph\">{\"@context\":\"https:\/\/schema.org\",\"@graph\":[{\"@type\":\"WebPage\",\"@id\":\"https:\/\/www.lacasabianca.fr\/privatisation\/\",\"url\":\"https:\/\/www.lacasabianca.fr\/privatisation\/\",\"name\":\"Privatisation - La Casa Bianca\",\"isPartOf\":{\"@id\":\"https:\/\/www.lacasabianca.fr\/#website\"},\"datePublished\":\"2026-02-18T07:19:00+00:00\",\"dateModified\":\"2026-02-21T17:21:52+00:00\",\"breadcrumb\":{\"@id\":\"https:\/\/www.lacasabianca.fr\/privatisation\/#breadcrumb\"},\"inLanguage\":\"en-GB\",\"potentialAction\":[{\"@type\":\"ReadAction\",\"target\":[\"https:\/\/www.lacasabianca.fr\/privatisation\/\"]}]},{\"@type\":\"BreadcrumbList\",\"@id\":\"https:\/\/www.lacasabianca.fr\/privatisation\/#breadcrumb\",\"itemListElement\":[{\"@type\":\"ListItem\",\"position\":1,\"name\":\"Accueil\",\"item\":\"https:\/\/www.lacasabianca.fr\/\"},{\"@type\":\"ListItem\",\"position\":2,\"name\":\"Privatisation\"}]},{\"@type\":\"WebSite\",\"@id\":\"https:\/\/www.lacasabianca.fr\/#website\",\"url\":\"https:\/\/www.lacasabianca.fr\/\",\"name\":\"La Casa Bianca\",\"description\":\"\",\"publisher\":{\"@id\":\"https:\/\/www.lacasabianca.fr\/#organization\"},\"potentialAction\":[{\"@type\":\"SearchAction\",\"target\":{\"@type\":\"EntryPoint\",\"urlTemplate\":\"https:\/\/www.lacasabianca.fr\/?s={search_term_string}\"},\"query-input\":\"required name=search_term_string\"}],\"inLanguage\":\"en-GB\"},{\"@type\":\"Organization\",\"@id\":\"https:\/\/www.lacasabianca.fr\/#organization\",\"name\":\"La Casa Bianca\",\"url\":\"https:\/\/www.lacasabianca.fr\/\",\"logo\":{\"@type\":\"ImageObject\",\"inLanguage\":\"en-GB\",\"@id\":\"https:\/\/www.lacasabianca.fr\/#\/schema\/logo\/image\/\",\"url\":\"https:\/\/www.lacasabianca.fr\/wp-content\/uploads\/2022\/03\/LaCasaBianca-square-white.svg\",\"contentUrl\":\"https:\/\/www.lacasabianca.fr\/wp-content\/uploads\/2022\/03\/LaCasaBianca-square-white.svg\",\"width\":100,\"height\":100,\"caption\":\"La Casa Bianca\"},\"image\":{\"@id\":\"https:\/\/www.lacasabianca.fr\/#\/schema\/logo\/image\/\"}}]}<\/script>\n<!-- \/ Yoast SEO plugin. -->","yoast_head_json":{"title":"Privatisation - La Casa Bianca","robots":{"index":"index","follow":"follow","max-snippet":"max-snippet:-1","max-image-preview":"max-image-preview:large","max-video-preview":"max-video-preview:-1"},"canonical":"https:\/\/www.lacasabianca.fr\/en\/privatisation\/","og_locale":"en_GB","og_type":"article","og_title":"Privatisation - La Casa Bianca","og_url":"https:\/\/www.lacasabianca.fr\/en\/privatisation\/","og_site_name":"La Casa Bianca","article_modified_time":"2026-02-21T17:21:52+00:00","og_image":[{"width":2560,"height":1920,"url":"https:\/\/www.lacasabianca.fr\/wp-content\/uploads\/2026\/02\/IMG_5579-scaled.jpg","type":"image\/jpeg"}],"twitter_card":"summary_large_image","twitter_misc":{"Estimated reading time":"1 minute"},"schema":{"@context":"https:\/\/schema.org","@graph":[{"@type":"WebPage","@id":"https:\/\/www.lacasabianca.fr\/privatisation\/","url":"https:\/\/www.lacasabianca.fr\/privatisation\/","name":"Privatisation - La Casa Bianca","isPartOf":{"@id":"https:\/\/www.lacasabianca.fr\/#website"},"datePublished":"2026-02-18T07:19:00+00:00","dateModified":"2026-02-21T17:21:52+00:00","breadcrumb":{"@id":"https:\/\/www.lacasabianca.fr\/privatisation\/#breadcrumb"},"inLanguage":"en-GB","potentialAction":[{"@type":"ReadAction","target":["https:\/\/www.lacasabianca.fr\/privatisation\/"]}]},{"@type":"BreadcrumbList","@id":"https:\/\/www.lacasabianca.fr\/privatisation\/#breadcrumb","itemListElement":[{"@type":"ListItem","position":1,"name":"Accueil","item":"https:\/\/www.lacasabianca.fr\/"},{"@type":"ListItem","position":2,"name":"Privatisation"}]},{"@type":"WebSite","@id":"https:\/\/www.lacasabianca.fr\/#website","url":"https:\/\/www.lacasabianca.fr\/","name":"La Casa Bianca","description":"","publisher":{"@id":"https:\/\/www.lacasabianca.fr\/#organization"},"potentialAction":[{"@type":"SearchAction","target":{"@type":"EntryPoint","urlTemplate":"https:\/\/www.lacasabianca.fr\/?s={search_term_string}"},"query-input":"required name=search_term_string"}],"inLanguage":"en-GB"},{"@type":"Organization","@id":"https:\/\/www.lacasabianca.fr\/#organization","name":"La Casa Bianca","url":"https:\/\/www.lacasabianca.fr\/","logo":{"@type":"ImageObject","inLanguage":"en-GB","@id":"https:\/\/www.lacasabianca.fr\/#\/schema\/logo\/image\/","url":"https:\/\/www.lacasabianca.fr\/wp-content\/uploads\/2022\/03\/LaCasaBianca-square-white.svg","contentUrl":"https:\/\/www.lacasabianca.fr\/wp-content\/uploads\/2022\/03\/LaCasaBianca-square-white.svg","width":100,"height":100,"caption":"La Casa Bianca"},"image":{"@id":"https:\/\/www.lacasabianca.fr\/#\/schema\/logo\/image\/"}}]}},"_links":{"self":[{"href":"https:\/\/www.lacasabianca.fr\/en\/wp-json\/wp\/v2\/pages\/969","targetHints":{"allow":["GET"]}}],"collection":[{"href":"https:\/\/www.lacasabianca.fr\/en\/wp-json\/wp\/v2\/pages"}],"about":[{"href":"https:\/\/www.lacasabianca.fr\/en\/wp-json\/wp\/v2\/types\/page"}],"author":[{"embeddable":true,"href":"https:\/\/www.lacasabianca.fr\/en\/wp-json\/wp\/v2\/users\/1"}],"replies":[{"embeddable":true,"href":"https:\/\/www.lacasabianca.fr\/en\/wp-json\/wp\/v2\/comments?post=969"}],"version-history":[{"count":4,"href":"https:\/\/www.lacasabianca.fr\/en\/wp-json\/wp\/v2\/pages\/969\/revisions"}],"predecessor-version":[{"id":1016,"href":"https:\/\/www.lacasabianca.fr\/en\/wp-json\/wp\/v2\/pages\/969\/revisions\/1016"}],"wp:featuredmedia":[{"embeddable":true,"href":"https:\/\/www.lacasabianca.fr\/en\/wp-json\/wp\/v2\/media\/937"}],"wp:attachment":[{"href":"https:\/\/www.lacasabianca.fr\/en\/wp-json\/wp\/v2\/media?parent=969"}],"curies":[{"name":"wp","href":"https:\/\/api.w.org\/{rel}","templated":true}]}}